{"id":19918,"date":"2025-03-12T10:26:00","date_gmt":"2025-03-12T09:26:00","guid":{"rendered":"https:\/\/k-design-k.de\/Theme-Abelle2\/?page_id=19918"},"modified":"2025-04-30T16:26:21","modified_gmt":"2025-04-30T14:26:21","slug":"impressum","status":"publish","type":"page","link":"https:\/\/k-design-k.de\/Theme-Abelle2\/impressum\/","title":{"rendered":"Impressum"},"content":{"rendered":"\t\t<div data-elementor-type=\"wp-page\" data-elementor-id=\"19918\" class=\"elementor elementor-19918\">\n\t\t\t\t\t\t<section class=\"elementor-section elementor-top-section elementor-element elementor-element-09299b7 elementor-section-boxed elementor-section-height-default elementor-section-height-default sc_fly_static\" data-id=\"09299b7\" data-element_type=\"section\">\n\t\t\t\t\t\t<div class=\"elementor-container elementor-column-gap-extended\">\n\t\t\t\t\t<div class=\"elementor-column elementor-col-100 elementor-top-column elementor-element elementor-element-cf7c100 sc_content_align_inherit sc_layouts_column_icons_position_left sc_fly_static\" data-id=\"cf7c100\" data-element_type=\"column\">\n\t\t\t<div class=\"elementor-widget-wrap elementor-element-populated\">\n\t\t\t\t\t\t<section class=\"elementor-section elementor-inner-section elementor-element elementor-element-98a47fb elementor-section-boxed elementor-section-height-default elementor-section-height-default sc_fly_static\" data-id=\"98a47fb\" data-element_type=\"section\">\n\t\t\t\t\t\t<div class=\"elementor-container elementor-column-gap-extended\">\n\t\t\t\t\t<div class=\"elementor-column elementor-col-50 elementor-inner-column elementor-element elementor-element-f0623b8 sc_content_align_inherit sc_layouts_column_icons_position_left sc_fly_static\" data-id=\"f0623b8\" data-element_type=\"column\">\n\t\t\t<div class=\"elementor-widget-wrap elementor-element-populated\">\n\t\t\t\t\t\t<div class=\"elementor-element elementor-element-9c2d13b sc_fly_static elementor-widget elementor-widget-text-editor\" data-id=\"9c2d13b\" data-element_type=\"widget\" data-widget_type=\"text-editor.default\">\n\t\t\t\t<div class=\"elementor-widget-container\">\n\t\t\t\t\t\t\t\t\t<h1>IMPRESSUM<\/h1>\t\t\t\t\t\t\t\t<\/div>\n\t\t\t\t<\/div>\n\t\t\t\t\t<\/div>\n\t\t<\/div>\n\t\t\t\t<div class=\"elementor-column elementor-col-50 elementor-inner-column elementor-element elementor-element-ec2b623 sc_content_align_inherit sc_layouts_column_icons_position_left sc_fly_static\" data-id=\"ec2b623\" data-element_type=\"column\">\n\t\t\t<div class=\"elementor-widget-wrap elementor-element-populated\">\n\t\t\t\t\t\t<div class=\"elementor-element elementor-element-2c9494b sc_fly_static elementor-widget elementor-widget-text-editor\" data-id=\"2c9494b\" data-element_type=\"widget\" data-widget_type=\"text-editor.default\">\n\t\t\t\t<div class=\"elementor-widget-container\">\n\t\t\t\t\t\t\t\t\t<h4>Angaben gem\u00e4\u00df \u00a7 5 TMG:<\/h4><p><strong>H\u00e4rter Thai Massage <\/strong>Biberacherstr. 68<br \/>88430 Rot-Ellwangen<\/p><p><strong>Vertreten durch<\/strong><br \/>Jiraphorn H\u00e4rter<br \/>Gesch\u00e4ftsfu\u0308hrerin<\/p><h4>Kontakt:<\/h4><p>Telefon: 07568 960 511<br \/>E-Mail: info@h\u00e4rterthaimassage.de<\/p><h3>Umsatzsteuer-ID:<\/h3><p>Umsatzsteuer-Identifikationsnummer gem\u00e4\u00df \u00a7 27 a Umsatzsteuergesetz:<br \/>DE999999999<\/p><h3>Berufsbezeichnung und berufsrechtliche Regelungen:<\/h3><p><strong>Berufsbezeichnung:<\/strong><br \/>Inhaberin, Gesch\u00e4ftsf\u00fchrerin<br \/>Verliehen in: Deutschland<\/p><h3>Redaktionell verantwortlich:<\/h3><p><strong>H\u00e4rter Thai Massage<\/strong><br \/>Jiraphorn H\u00e4rter<br \/>Biberacherstr. 68<br \/>88430 Rot-Ellwangenrstadt<\/p><h3>EU-Streitschlichtung:<\/h3><p>Die Europ\u00e4ische Kommission stellt eine Plattform zur Online-Streitbeilegung (OS) bereit:<br \/><a href=\"https:\/\/ec.europa.eu\/consumers\/odr\/\">https:\/\/ec.europa.eu\/consumers\/odr\/<\/a>.<br \/>Unsere E-Mail-Adresse finden Sie oben im Impressum.<\/p><h3>Verbraucherstreitbeilegung\/Universalschlichtungsstelle:<\/h3><p>Wir sind nicht bereit oder verpflichtet, an Streitbeilegungsverfahren vor einer Verbraucherschlichtungsstelle teilzunehmen.<\/p><h5>\u00a0<\/h5><h5>Quelle:<\/h5><p><a href=\"https:\/\/www.e-recht24.de\">https:\/\/www.e-recht24.de<\/a><\/p>\t\t\t\t\t\t\t\t<\/div>\n\t\t\t\t<\/div>\n\t\t\t\t\t<\/div>\n\t\t<\/div>\n\t\t\t\t\t<\/div>\n\t\t<\/section>\n\t\t\t\t\t<\/div>\n\t\t<\/div>\n\t\t\t\t\t<\/div>\n\t\t<\/section>\n\t\t\t\t<\/div>\n\t\t","protected":false},"excerpt":{"rendered":"<p>IMPRESSUM Angaben gem\u00e4\u00df \u00a7 5 TMG: H\u00e4rter Thai Massage Biberacherstr. 6888430 Rot-Ellwangen Vertreten durchJiraphorn H\u00e4rterGesch\u00e4ftsfu\u0308hrerin Kontakt: Telefon: 07568 960 511E-Mail: info@h\u00e4rterthaimassage.de Umsatzsteuer-ID: Umsatzsteuer-Identifikationsnummer gem\u00e4\u00df \u00a7 27 a Umsatzsteuergesetz:DE999999999 Berufsbezeichnung und&hellip;<\/p>\n","protected":false},"author":1,"featured_media":0,"parent":0,"menu_order":0,"comment_status":"closed","ping_status":"closed","template":"","meta":{"footnotes":""},"class_list":["post-19918","page","type-page","status-publish","hentry"],"yoast_head":"<!-- This site is optimized with the Yoast SEO plugin v24.9 - https:\/\/yoast.com\/wordpress\/plugins\/seo\/ -->\n<title>Impressum - Abelle - Massage<\/title>\n<meta name=\"robots\" content=\"index, follow, max-snippet:-1, max-image-preview:large, max-video-preview:-1\" \/>\n<link rel=\"canonical\" href=\"https:\/\/k-design-k.de\/Theme-Abelle2\/impressum\/\" \/>\n<meta property=\"og:locale\" content=\"de_DE\" \/>\n<meta property=\"og:type\" content=\"article\" \/>\n<meta property=\"og:title\" content=\"Impressum - Abelle - Massage\" \/>\n<meta property=\"og:description\" content=\"IMPRESSUM Angaben gem\u00e4\u00df \u00a7 5 TMG: H\u00e4rter Thai Massage Biberacherstr. 6888430 Rot-Ellwangen Vertreten durchJiraphorn H\u00e4rterGesch\u00e4ftsfu\u0308hrerin Kontakt: Telefon: 07568 960 511E-Mail: info@h\u00e4rterthaimassage.de Umsatzsteuer-ID: Umsatzsteuer-Identifikationsnummer gem\u00e4\u00df \u00a7 27 a Umsatzsteuergesetz:DE999999999 Berufsbezeichnung und&hellip;\" \/>\n<meta property=\"og:url\" content=\"https:\/\/k-design-k.de\/Theme-Abelle2\/impressum\/\" \/>\n<meta property=\"og:site_name\" content=\"Abelle - Massage\" \/>\n<meta property=\"article:modified_time\" content=\"2025-04-30T14:26:21+00:00\" \/>\n<meta name=\"twitter:card\" content=\"summary_large_image\" \/>\n<meta name=\"twitter:label1\" content=\"Gesch\u00e4tzte Lesezeit\" \/>\n\t<meta name=\"twitter:data1\" content=\"1\u00a0Minute\" \/>\n<script type=\"application\/ld+json\" class=\"yoast-schema-graph\">{\"@context\":\"https:\/\/schema.org\",\"@graph\":[{\"@type\":\"WebPage\",\"@id\":\"https:\/\/k-design-k.de\/Theme-Abelle2\/impressum\/\",\"url\":\"https:\/\/k-design-k.de\/Theme-Abelle2\/impressum\/\",\"name\":\"Impressum - Abelle - Massage\",\"isPartOf\":{\"@id\":\"https:\/\/k-design-k.de\/Theme-Abelle2\/#website\"},\"datePublished\":\"2025-03-12T09:26:00+00:00\",\"dateModified\":\"2025-04-30T14:26:21+00:00\",\"breadcrumb\":{\"@id\":\"https:\/\/k-design-k.de\/Theme-Abelle2\/impressum\/#breadcrumb\"},\"inLanguage\":\"de\",\"potentialAction\":[{\"@type\":\"ReadAction\",\"target\":[\"https:\/\/k-design-k.de\/Theme-Abelle2\/impressum\/\"]}]},{\"@type\":\"BreadcrumbList\",\"@id\":\"https:\/\/k-design-k.de\/Theme-Abelle2\/impressum\/#breadcrumb\",\"itemListElement\":[{\"@type\":\"ListItem\",\"position\":1,\"name\":\"Startseite\",\"item\":\"https:\/\/k-design-k.de\/Theme-Abelle2\/\"},{\"@type\":\"ListItem\",\"position\":2,\"name\":\"Impressum\"}]},{\"@type\":\"WebSite\",\"@id\":\"https:\/\/k-design-k.de\/Theme-Abelle2\/#website\",\"url\":\"https:\/\/k-design-k.de\/Theme-Abelle2\/\",\"name\":\"Abelle - Massage\",\"description\":\"Beauty Salon Elementor WordPress Theme\",\"publisher\":{\"@id\":\"https:\/\/k-design-k.de\/Theme-Abelle2\/#organization\"},\"potentialAction\":[{\"@type\":\"SearchAction\",\"target\":{\"@type\":\"EntryPoint\",\"urlTemplate\":\"https:\/\/k-design-k.de\/Theme-Abelle2\/?s={search_term_string}\"},\"query-input\":{\"@type\":\"PropertyValueSpecification\",\"valueRequired\":true,\"valueName\":\"search_term_string\"}}],\"inLanguage\":\"de\"},{\"@type\":\"Organization\",\"@id\":\"https:\/\/k-design-k.de\/Theme-Abelle2\/#organization\",\"name\":\"Abelle - Massage\",\"url\":\"https:\/\/k-design-k.de\/Theme-Abelle2\/\",\"logo\":{\"@type\":\"ImageObject\",\"inLanguage\":\"de\",\"@id\":\"https:\/\/k-design-k.de\/Theme-Abelle2\/#\/schema\/logo\/image\/\",\"url\":\"https:\/\/k-design-k.de\/Theme-Abelle2\/wp-content\/uploads\/2022\/06\/logo.png\",\"contentUrl\":\"https:\/\/k-design-k.de\/Theme-Abelle2\/wp-content\/uploads\/2022\/06\/logo.png\",\"width\":194,\"height\":50,\"caption\":\"Abelle - Massage\"},\"image\":{\"@id\":\"https:\/\/k-design-k.de\/Theme-Abelle2\/#\/schema\/logo\/image\/\"}}]}<\/script>\n<!-- \/ Yoast SEO plugin. -->","yoast_head_json":{"title":"Impressum - Abelle - Massage","robots":{"index":"index","follow":"follow","max-snippet":"max-snippet:-1","max-image-preview":"max-image-preview:large","max-video-preview":"max-video-preview:-1"},"canonical":"https:\/\/k-design-k.de\/Theme-Abelle2\/impressum\/","og_locale":"de_DE","og_type":"article","og_title":"Impressum - Abelle - Massage","og_description":"IMPRESSUM Angaben gem\u00e4\u00df \u00a7 5 TMG: H\u00e4rter Thai Massage Biberacherstr. 6888430 Rot-Ellwangen Vertreten durchJiraphorn H\u00e4rterGesch\u00e4ftsfu\u0308hrerin Kontakt: Telefon: 07568 960 511E-Mail: info@h\u00e4rterthaimassage.de Umsatzsteuer-ID: Umsatzsteuer-Identifikationsnummer gem\u00e4\u00df \u00a7 27 a Umsatzsteuergesetz:DE999999999 Berufsbezeichnung und&hellip;","og_url":"https:\/\/k-design-k.de\/Theme-Abelle2\/impressum\/","og_site_name":"Abelle - Massage","article_modified_time":"2025-04-30T14:26:21+00:00","twitter_card":"summary_large_image","twitter_misc":{"Gesch\u00e4tzte Lesezeit":"1\u00a0Minute"},"schema":{"@context":"https:\/\/schema.org","@graph":[{"@type":"WebPage","@id":"https:\/\/k-design-k.de\/Theme-Abelle2\/impressum\/","url":"https:\/\/k-design-k.de\/Theme-Abelle2\/impressum\/","name":"Impressum - Abelle - Massage","isPartOf":{"@id":"https:\/\/k-design-k.de\/Theme-Abelle2\/#website"},"datePublished":"2025-03-12T09:26:00+00:00","dateModified":"2025-04-30T14:26:21+00:00","breadcrumb":{"@id":"https:\/\/k-design-k.de\/Theme-Abelle2\/impressum\/#breadcrumb"},"inLanguage":"de","potentialAction":[{"@type":"ReadAction","target":["https:\/\/k-design-k.de\/Theme-Abelle2\/impressum\/"]}]},{"@type":"BreadcrumbList","@id":"https:\/\/k-design-k.de\/Theme-Abelle2\/impressum\/#breadcrumb","itemListElement":[{"@type":"ListItem","position":1,"name":"Startseite","item":"https:\/\/k-design-k.de\/Theme-Abelle2\/"},{"@type":"ListItem","position":2,"name":"Impressum"}]},{"@type":"WebSite","@id":"https:\/\/k-design-k.de\/Theme-Abelle2\/#website","url":"https:\/\/k-design-k.de\/Theme-Abelle2\/","name":"Abelle - Massage","description":"Beauty Salon Elementor WordPress Theme","publisher":{"@id":"https:\/\/k-design-k.de\/Theme-Abelle2\/#organization"},"potentialAction":[{"@type":"SearchAction","target":{"@type":"EntryPoint","urlTemplate":"https:\/\/k-design-k.de\/Theme-Abelle2\/?s={search_term_string}"},"query-input":{"@type":"PropertyValueSpecification","valueRequired":true,"valueName":"search_term_string"}}],"inLanguage":"de"},{"@type":"Organization","@id":"https:\/\/k-design-k.de\/Theme-Abelle2\/#organization","name":"Abelle - Massage","url":"https:\/\/k-design-k.de\/Theme-Abelle2\/","logo":{"@type":"ImageObject","inLanguage":"de","@id":"https:\/\/k-design-k.de\/Theme-Abelle2\/#\/schema\/logo\/image\/","url":"https:\/\/k-design-k.de\/Theme-Abelle2\/wp-content\/uploads\/2022\/06\/logo.png","contentUrl":"https:\/\/k-design-k.de\/Theme-Abelle2\/wp-content\/uploads\/2022\/06\/logo.png","width":194,"height":50,"caption":"Abelle - Massage"},"image":{"@id":"https:\/\/k-design-k.de\/Theme-Abelle2\/#\/schema\/logo\/image\/"}}]}},"_links":{"self":[{"href":"https:\/\/k-design-k.de\/Theme-Abelle2\/wp-json\/wp\/v2\/pages\/19918","targetHints":{"allow":["GET"]}}],"collection":[{"href":"https:\/\/k-design-k.de\/Theme-Abelle2\/wp-json\/wp\/v2\/pages"}],"about":[{"href":"https:\/\/k-design-k.de\/Theme-Abelle2\/wp-json\/wp\/v2\/types\/page"}],"author":[{"embeddable":true,"href":"https:\/\/k-design-k.de\/Theme-Abelle2\/wp-json\/wp\/v2\/users\/1"}],"replies":[{"embeddable":true,"href":"https:\/\/k-design-k.de\/Theme-Abelle2\/wp-json\/wp\/v2\/comments?post=19918"}],"version-history":[{"count":10,"href":"https:\/\/k-design-k.de\/Theme-Abelle2\/wp-json\/wp\/v2\/pages\/19918\/revisions"}],"predecessor-version":[{"id":20148,"href":"https:\/\/k-design-k.de\/Theme-Abelle2\/wp-json\/wp\/v2\/pages\/19918\/revisions\/20148"}],"wp:attachment":[{"href":"https:\/\/k-design-k.de\/Theme-Abelle2\/wp-json\/wp\/v2\/media?parent=19918"}],"curies":[{"name":"wp","href":"https:\/\/api.w.org\/{rel}","templated":true}]}}